{"id":31738,"date":"2023-01-14T12:32:35","date_gmt":"2023-01-14T11:32:35","guid":{"rendered":"https:\/\/guildoflogos.com\/?page_id=31738"},"modified":"2023-01-22T18:03:16","modified_gmt":"2023-01-22T17:03:16","slug":"nous-soutenir","status":"publish","type":"page","link":"https:\/\/guildoflogos.com\/fr\/nous-soutenir\/","title":{"rendered":"Nous soutenir"},"content":{"rendered":"\t\t<div data-elementor-type=\"wp-page\" data-elementor-id=\"31738\" class=\"elementor elementor-31738\" data-elementor-post-type=\"page\">\n\t\t\t\t<div class=\"elementor-element elementor-element-50c1933 e-con-full e-flex e-con e-parent\" data-id=\"50c1933\" data-element_type=\"container\" data-e-type=\"container\" data-settings=\"{&quot;shape_divider_bottom&quot;:&quot;waves&quot;}\">\n\t\t\t\t<div class=\"elementor-shape elementor-shape-bottom\" aria-hidden=\"true\" data-negative=\"false\">\n\t\t\t<svg xmlns=\"http:\/\/www.w3.org\/2000\/svg\" viewBox=\"0 0 1000 100\" preserveAspectRatio=\"none\">\n\t<path class=\"elementor-shape-fill\" d=\"M421.9,6.5c22.6-2.5,51.5,0.4,75.5,5.3c23.6,4.9,70.9,23.5,100.5,35.7c75.8,32.2,133.7,44.5,192.6,49.7\n\tc23.6,2.1,48.7,3.5,103.4-2.5c54.7-6,106.2-25.6,106.2-25.6V0H0v30.3c0,0,72,32.6,158.4,30.5c39.2-0.7,92.8-6.7,134-22.4\n\tc21.2-8.1,52.2-18.2,79.7-24.2C399.3,7.9,411.6,7.5,421.9,6.5z\"\/>\n<\/svg>\t\t<\/div>\n\t\t<div class=\"elementor-element elementor-element-15a3fe8 e-con-full e-flex e-con e-parent\" data-id=\"15a3fe8\" data-element_type=\"container\" data-e-type=\"container\">\n\t\t\t\t<div class=\"elementor-element elementor-element-da25283 elementor-widget elementor-widget-heading\" data-id=\"da25283\" data-element_type=\"widget\" data-e-type=\"widget\" data-widget_type=\"heading.default\">\n\t\t\t\t<div class=\"elementor-widget-container\">\n\t\t\t\t\t<h1 class=\"elementor-heading-title elementor-size-default\">Rejoignez l'aventure !<\/h1>\t\t\t\t<\/div>\n\t\t\t\t<\/div>\n\t\t\t\t<div class=\"elementor-element elementor-element-5850778 elementor-widget elementor-widget-text-editor\" data-id=\"5850778\" data-element_type=\"widget\" data-e-type=\"widget\" data-widget_type=\"text-editor.default\">\n\t\t\t\t<div class=\"elementor-widget-container\">\n\t\t\t\t\t\t\t\t\tVous souhaitez r\u00e9volutionner l&rsquo;\u00e9ducation avec nous ? <br>Participez \u00e0 votre \u00e9chelle\t\t\t\t\t\t\t\t<\/div>\n\t\t\t\t<\/div>\n\t\t\t\t<div class=\"elementor-element elementor-element-bf51ecd elementor-align-center elementor-widget elementor-widget-button\" data-id=\"bf51ecd\" data-element_type=\"widget\" data-e-type=\"widget\" data-widget_type=\"button.default\">\n\t\t\t\t<div class=\"elementor-widget-container\">\n\t\t\t\t\t\t\t\t\t<div class=\"elementor-button-wrapper\">\n\t\t\t\t\t<a class=\"elementor-button elementor-button-link elementor-size-sm\" href=\"#\">\n\t\t\t\t\t\t<span class=\"elementor-button-content-wrapper\">\n\t\t\t\t\t\t\t\t\t<span class=\"elementor-button-text\">Soutenez Guild of Logos<\/span>\n\t\t\t\t\t<\/span>\n\t\t\t\t\t<\/a>\n\t\t\t\t<\/div>\n\t\t\t\t\t\t\t\t<\/div>\n\t\t\t\t<\/div>\n\t\t\t\t<\/div>\n\t\t\t\t<\/div>\n\t\t<div class=\"elementor-element elementor-element-e00b440 e-con-full e-flex e-con e-parent\" data-id=\"e00b440\" data-element_type=\"container\" data-e-type=\"container\">\n\t\t<div class=\"elementor-element elementor-element-5bf83f7 e-con-full e-flex e-con e-parent\" data-id=\"5bf83f7\" data-element_type=\"container\" data-e-type=\"container\">\n\t\t\t\t<div class=\"elementor-element elementor-element-255d68e elementor-widget elementor-widget-image\" data-id=\"255d68e\" data-element_type=\"widget\" data-e-type=\"widget\" data-widget_type=\"image.default\">\n\t\t\t\t<div class=\"elementor-widget-container\">\n\t\t\t\t\t\t\t\t\t\t\t\t\t\t\t<img decoding=\"async\" src=\"https:\/\/guildoflogos.com\/wp-content\/plugins\/elementor\/assets\/images\/placeholder.png\" title=\"\" alt=\"\" loading=\"lazy\" \/>\t\t\t\t\t\t\t\t\t\t\t\t\t\t\t<\/div>\n\t\t\t\t<\/div>\n\t\t\t\t<\/div>\n\t\t<div class=\"elementor-element elementor-element-0504b49 e-con-full e-flex e-con e-parent\" data-id=\"0504b49\" data-element_type=\"container\" data-e-type=\"container\">\n\t\t\t\t<div class=\"elementor-element elementor-element-a4eca55 elementor-widget elementor-widget-heading\" data-id=\"a4eca55\" data-element_type=\"widget\" data-e-type=\"widget\" data-widget_type=\"heading.default\">\n\t\t\t\t<div class=\"elementor-widget-container\">\n\t\t\t\t\t<h2 class=\"elementor-heading-title elementor-size-default\">Rendre le savoir accessible...<\/h2>\t\t\t\t<\/div>\n\t\t\t\t<\/div>\n\t\t\t\t<div class=\"elementor-element elementor-element-0eeb90a elementor-widget elementor-widget-text-editor\" data-id=\"0eeb90a\" data-element_type=\"widget\" data-e-type=\"widget\" data-widget_type=\"text-editor.default\">\n\t\t\t\t<div class=\"elementor-widget-container\">\n\t\t\t\t\t\t\t\t\t<p>Nous voulons donner la possibilit\u00e9 \u00e0 chacun d\u2019apprendre un contenu th\u00e9orique et complexe, sans \u00eatre d\u00e9courag\u00e9 par l\u2019ampleur de la t\u00e2che. Le principal obstacle qui se dresse entre le savoir et son assimilation par notre cerveau, est notre attention.<i> <\/i>Plus la t\u00e2che est compliqu\u00e9e, plus de chance on a d\u2019en \u00eatre distrait et de s\u2019en d\u00e9sint\u00e9resser.<span class=\"Apple-converted-space\">\u00a0<\/span><\/p><p>Guild of Logos se concentre sur l\u2019\u00e9volution de notre attention, et comment la consacrer enti\u00e8rement \u00e0 un sujet donn\u00e9.<\/p>\t\t\t\t\t\t\t\t<\/div>\n\t\t\t\t<\/div>\n\t\t\t\t<\/div>\n\t\t\t\t<\/div>\n\t\t<div class=\"elementor-element elementor-element-0441878 e-con-full e-flex e-con e-parent\" data-id=\"0441878\" data-element_type=\"container\" data-e-type=\"container\">\n\t\t<div class=\"elementor-element elementor-element-3f4e2ac e-con-full e-flex e-con e-parent\" data-id=\"3f4e2ac\" data-element_type=\"container\" data-e-type=\"container\">\n\t\t\t\t<div class=\"elementor-element elementor-element-ffaaef7 elementor-widget elementor-widget-image\" data-id=\"ffaaef7\" data-element_type=\"widget\" data-e-type=\"widget\" data-widget_type=\"image.default\">\n\t\t\t\t<div class=\"elementor-widget-container\">\n\t\t\t\t\t\t\t\t\t\t\t\t\t\t\t<img decoding=\"async\" src=\"https:\/\/guildoflogos.com\/wp-content\/plugins\/elementor\/assets\/images\/placeholder.png\" title=\"\" alt=\"\" loading=\"lazy\" \/>\t\t\t\t\t\t\t\t\t\t\t\t\t\t\t<\/div>\n\t\t\t\t<\/div>\n\t\t\t\t<\/div>\n\t\t<div class=\"elementor-element elementor-element-a23cdca e-con-full e-flex e-con e-parent\" data-id=\"a23cdca\" data-element_type=\"container\" data-e-type=\"container\">\n\t\t\t\t<div class=\"elementor-element elementor-element-09994a2 elementor-widget elementor-widget-heading\" data-id=\"09994a2\" data-element_type=\"widget\" data-e-type=\"widget\" data-widget_type=\"heading.default\">\n\t\t\t\t<div class=\"elementor-widget-container\">\n\t\t\t\t\t<h2 class=\"elementor-heading-title elementor-size-default\">...\u00e0 travers la gamification<\/h2>\t\t\t\t<\/div>\n\t\t\t\t<\/div>\n\t\t\t\t<div class=\"elementor-element elementor-element-974c0ab elementor-widget elementor-widget-text-editor\" data-id=\"974c0ab\" data-element_type=\"widget\" data-e-type=\"widget\" data-widget_type=\"text-editor.default\">\n\t\t\t\t<div class=\"elementor-widget-container\">\n\t\t\t\t\t\t\t\t\t<p>Guild of Logos int\u00e8gre le contenu s\u00e9rieux directement au sein du sc\u00e9nario de jeu, et le d\u00e9compose en une s\u00e9rie de qu\u00eates \u00e0 accomplir, afin de rendre au savoir toute son attractivit\u00e9.<\/p><p>Les jeux vid\u00e9os constituent depuis longtemps la premi\u00e8re industrie culturelle du monde.<b> <\/b>Bien que l\u2019activit\u00e9 y soit virtuelle, l\u2019exp\u00e9rience intellectuelle qu\u2019elle g\u00e9n\u00e8re, le temps que chaque joueur y consacre, demeurent bien r\u00e9els.<span class=\"Apple-converted-space\">\u00a0<\/span><\/p>\t\t\t\t\t\t\t\t<\/div>\n\t\t\t\t<\/div>\n\t\t\t\t<\/div>\n\t\t\t\t<\/div>\n\t\t<div class=\"elementor-element elementor-element-baaa9eb e-con-full e-flex e-con e-parent\" data-id=\"baaa9eb\" data-element_type=\"container\" data-e-type=\"container\" data-settings=\"{&quot;background_background&quot;:&quot;classic&quot;}\">\n\t\t\t\t<div class=\"elementor-element elementor-element-0bc63ee elementor-widget__width-initial elementor-widget elementor-widget-heading\" data-id=\"0bc63ee\" data-element_type=\"widget\" data-e-type=\"widget\" data-widget_type=\"heading.default\">\n\t\t\t\t<div class=\"elementor-widget-container\">\n\t\t\t\t\t<h2 class=\"elementor-heading-title elementor-size-default\">Ce temps pass\u00e9 \u00e0 jouer, Guild of Logos propose de le mettre au service de notre apprentissage.<\/h2>\t\t\t\t<\/div>\n\t\t\t\t<\/div>\n\t\t\t\t<div class=\"elementor-element elementor-element-13943f3 elementor-widget-divider--view-line elementor-widget elementor-widget-divider\" data-id=\"13943f3\" data-element_type=\"widget\" data-e-type=\"widget\" data-widget_type=\"divider.default\">\n\t\t\t\t<div class=\"elementor-widget-container\">\n\t\t\t\t\t\t\t<div class=\"elementor-divider\">\n\t\t\t<span class=\"elementor-divider-separator\">\n\t\t\t\t\t\t<\/span>\n\t\t<\/div>\n\t\t\t\t\t\t<\/div>\n\t\t\t\t<\/div>\n\t\t\t\t<\/div>\n\t\t<div class=\"elementor-element elementor-element-714d9bb e-con-full e-flex e-con e-parent\" data-id=\"714d9bb\" data-element_type=\"container\" data-e-type=\"container\">\n\t\t<div class=\"elementor-element elementor-element-8c1a9a3 e-con-full e-flex e-con e-parent\" data-id=\"8c1a9a3\" data-element_type=\"container\" data-e-type=\"container\">\n\t\t\t\t<div class=\"elementor-element elementor-element-730be16 elementor-widget elementor-widget-heading\" data-id=\"730be16\" data-element_type=\"widget\" data-e-type=\"widget\" data-widget_type=\"heading.default\">\n\t\t\t\t<div class=\"elementor-widget-container\">\n\t\t\t\t\t<h2 class=\"elementor-heading-title elementor-size-default\">Participez \u00e0 la diffusion du savoir<\/h2>\t\t\t\t<\/div>\n\t\t\t\t<\/div>\n\t\t\t\t<div class=\"elementor-element elementor-element-c988470 elementor-widget elementor-widget-text-editor\" data-id=\"c988470\" data-element_type=\"widget\" data-e-type=\"widget\" data-widget_type=\"text-editor.default\">\n\t\t\t\t<div class=\"elementor-widget-container\">\n\t\t\t\t\t\t\t\t\t<p>Guild of Logos ouvre la voie d\u2019un projet ambitieux, aussi toute votre aide, vos retours et vos soutiens sont les bienvenus pour nous aider \u00e0 r\u00e9volutionner l\u2019\u00e9ducation.<\/p><p>Quel chapeau vous irait le mieux ?<\/p>\t\t\t\t\t\t\t\t<\/div>\n\t\t\t\t<\/div>\n\t\t\t\t<\/div>\n\t\t\t\t<\/div>\n\t\t<div class=\"elementor-element elementor-element-dda871e e-con-full e-flex e-con e-parent\" data-id=\"dda871e\" data-element_type=\"container\" data-e-type=\"container\">\n\t\t<div class=\"elementor-element elementor-element-802da25 e-con-full e-flex e-con e-parent\" data-id=\"802da25\" data-element_type=\"container\" data-e-type=\"container\">\n\t\t\t\t<div class=\"elementor-element elementor-element-c24c860 elementor-widget elementor-widget-image\" data-id=\"c24c860\" data-element_type=\"widget\" data-e-type=\"widget\" data-widget_type=\"image.default\">\n\t\t\t\t<div class=\"elementor-widget-container\">\n\t\t\t\t\t\t\t\t\t\t\t\t\t\t\t<img decoding=\"async\" src=\"https:\/\/guildoflogos.com\/wp-content\/plugins\/elementor\/assets\/images\/placeholder.png\" title=\"\" alt=\"\" loading=\"lazy\" \/>\t\t\t\t\t\t\t\t\t\t\t\t\t\t\t<\/div>\n\t\t\t\t<\/div>\n\t\t\t\t<div class=\"elementor-element elementor-element-6bc802b elementor-widget elementor-widget-heading\" data-id=\"6bc802b\" data-element_type=\"widget\" data-e-type=\"widget\" data-widget_type=\"heading.default\">\n\t\t\t\t<div class=\"elementor-widget-container\">\n\t\t\t\t\t<h2 class=\"elementor-heading-title elementor-size-default\">Super-contributeur<\/h2>\t\t\t\t<\/div>\n\t\t\t\t<\/div>\n\t\t\t\t<div class=\"elementor-element elementor-element-28a22cc elementor-widget elementor-widget-text-editor\" data-id=\"28a22cc\" data-element_type=\"widget\" data-e-type=\"widget\" data-widget_type=\"text-editor.default\">\n\t\t\t\t<div class=\"elementor-widget-container\">\n\t\t\t\t\t\t\t\t\tSoutenez financi\u00e8rement le d\u00e9veloppement de Guild of Logos et acqu\u00e9rez un titre d\u2019<strong>Alli\u00e9<\/strong>, de <strong>H\u00e9ros<\/strong> ou d\u2019<strong>Ange<\/strong> de la Guilde, qui vous procurera des avantages et r\u00e9compenses <br>exclusives au fil du temps.\t\t\t\t\t\t\t\t<\/div>\n\t\t\t\t<\/div>\n\t\t\t\t<\/div>\n\t\t<div class=\"elementor-element elementor-element-bd2b36c e-con-full e-flex e-con e-parent\" data-id=\"bd2b36c\" data-element_type=\"container\" data-e-type=\"container\">\n\t\t\t\t<div class=\"elementor-element elementor-element-e4d76cf elementor-widget elementor-widget-image\" data-id=\"e4d76cf\" data-element_type=\"widget\" data-e-type=\"widget\" data-widget_type=\"image.default\">\n\t\t\t\t<div class=\"elementor-widget-container\">\n\t\t\t\t\t\t\t\t\t\t\t\t\t\t\t<img decoding=\"async\" src=\"https:\/\/guildoflogos.com\/wp-content\/plugins\/elementor\/assets\/images\/placeholder.png\" title=\"\" alt=\"\" loading=\"lazy\" \/>\t\t\t\t\t\t\t\t\t\t\t\t\t\t\t<\/div>\n\t\t\t\t<\/div>\n\t\t\t\t<div class=\"elementor-element elementor-element-ad1e05e elementor-widget elementor-widget-heading\" data-id=\"ad1e05e\" data-element_type=\"widget\" data-e-type=\"widget\" data-widget_type=\"heading.default\">\n\t\t\t\t<div class=\"elementor-widget-container\">\n\t\t\t\t\t<h2 class=\"elementor-heading-title elementor-size-default\">Ambassadeur<\/h2>\t\t\t\t<\/div>\n\t\t\t\t<\/div>\n\t\t\t\t<div class=\"elementor-element elementor-element-0cec25f elementor-widget elementor-widget-text-editor\" data-id=\"0cec25f\" data-element_type=\"widget\" data-e-type=\"widget\" data-widget_type=\"text-editor.default\">\n\t\t\t\t<div class=\"elementor-widget-container\">\n\t\t\t\t\t\t\t\t\tPartagez Guild of Logos \u00e0 votre <br>entourage et fa\u00eetes marcher le bouche \u00e0 oreille ! Pr\u00e9sentez les solutions GoL Pro \u00e0 des \u00e9coles ou entreprises et recevez un <i>success fee<\/i> sur chaque abonnement souscrit gr\u00e2ce \u00e0 vous.\t\t\t\t\t\t\t\t<\/div>\n\t\t\t\t<\/div>\n\t\t\t\t<\/div>\n\t\t<div class=\"elementor-element elementor-element-beaed09 e-con-full e-flex e-con e-parent\" data-id=\"beaed09\" data-element_type=\"container\" data-e-type=\"container\">\n\t\t\t\t<div class=\"elementor-element elementor-element-3870f51 elementor-widget elementor-widget-image\" data-id=\"3870f51\" data-element_type=\"widget\" data-e-type=\"widget\" data-widget_type=\"image.default\">\n\t\t\t\t<div class=\"elementor-widget-container\">\n\t\t\t\t\t\t\t\t\t\t\t\t\t\t\t<img decoding=\"async\" src=\"https:\/\/guildoflogos.com\/wp-content\/plugins\/elementor\/assets\/images\/placeholder.png\" title=\"\" alt=\"\" loading=\"lazy\" \/>\t\t\t\t\t\t\t\t\t\t\t\t\t\t\t<\/div>\n\t\t\t\t<\/div>\n\t\t\t\t<div class=\"elementor-element elementor-element-c14d567 elementor-widget elementor-widget-heading\" data-id=\"c14d567\" data-element_type=\"widget\" data-e-type=\"widget\" data-widget_type=\"heading.default\">\n\t\t\t\t<div class=\"elementor-widget-container\">\n\t\t\t\t\t<h2 class=\"elementor-heading-title elementor-size-default\">B\u00eata-testeur<\/h2>\t\t\t\t<\/div>\n\t\t\t\t<\/div>\n\t\t\t\t<div class=\"elementor-element elementor-element-723579a elementor-widget elementor-widget-text-editor\" data-id=\"723579a\" data-element_type=\"widget\" data-e-type=\"widget\" data-widget_type=\"text-editor.default\">\n\t\t\t\t<div class=\"elementor-widget-container\">\n\t\t\t\t\t\t\t\t\tRejoignez notre panel de testeurs, r\u00e9pondez \u00e0 des sondages et fa\u00eetes nous des retours sur votre exp\u00e9rience avec Guild of Logos. Vos commentaires nous aideront \u00e0 am\u00e9liorer continuellement l\u2019application !\t\t\t\t\t\t\t\t<\/div>\n\t\t\t\t<\/div>\n\t\t\t\t<\/div>\n\t\t\t\t<\/div>\n\t\t\t\t<\/div>\n\t\t","protected":false},"excerpt":{"rendered":"<p>Rejoignez l&rsquo;aventure ! Vous souhaitez r\u00e9volutionner l&rsquo;\u00e9ducation avec nous ? Participez \u00e0 votre \u00e9chelle Soutenez Guild of Logos Rendre le savoir accessible&#8230; Nous voulons donner la possibilit\u00e9 \u00e0 chacun d\u2019apprendre un contenu th\u00e9orique et complexe, sans \u00eatre d\u00e9courag\u00e9 par l\u2019ampleur de la t\u00e2che. Le principal obstacle qui se dresse entre le savoir et son assimilation [&hellip;]<\/p>\n","protected":false},"author":1,"featured_media":0,"parent":0,"menu_order":0,"comment_status":"closed","ping_status":"closed","template":"","meta":{"footnotes":""},"class_list":["post-31738","page","type-page","status-publish","hentry"],"blocksy_meta":{"styles_descriptor":{"styles":{"desktop":"","tablet":"","mobile":""},"google_fonts":[],"version":6}},"_links":{"self":[{"href":"https:\/\/guildoflogos.com\/fr\/wp-json\/wp\/v2\/pages\/31738","targetHints":{"allow":["GET"]}}],"collection":[{"href":"https:\/\/guildoflogos.com\/fr\/wp-json\/wp\/v2\/pages"}],"about":[{"href":"https:\/\/guildoflogos.com\/fr\/wp-json\/wp\/v2\/types\/page"}],"author":[{"embeddable":true,"href":"https:\/\/guildoflogos.com\/fr\/wp-json\/wp\/v2\/users\/1"}],"replies":[{"embeddable":true,"href":"https:\/\/guildoflogos.com\/fr\/wp-json\/wp\/v2\/comments?post=31738"}],"version-history":[{"count":0,"href":"https:\/\/guildoflogos.com\/fr\/wp-json\/wp\/v2\/pages\/31738\/revisions"}],"wp:attachment":[{"href":"https:\/\/guildoflogos.com\/fr\/wp-json\/wp\/v2\/media?parent=31738"}],"curies":[{"name":"wp","href":"https:\/\/api.w.org\/{rel}","templated":true}]}}