{"id":3,"date":"2021-01-10T14:12:59","date_gmt":"2021-01-10T14:12:59","guid":{"rendered":"https:\/\/guildoflogos.com\/?page_id=3"},"modified":"2023-01-01T11:13:23","modified_gmt":"2023-01-01T10:13:23","slug":"mentions-legales","status":"publish","type":"page","link":"https:\/\/guildoflogos.com\/en\/mentions-legales\/","title":{"rendered":"Mentions L\u00e9gales"},"content":{"rendered":"<div data-elementor-type=\"wp-page\" data-elementor-id=\"3\" class=\"elementor elementor-3\" data-elementor-post-type=\"page\">\n\t\t\t\t\t\t<section class=\"elementor-section elementor-top-section elementor-element elementor-element-3a877cbf elementor-section-boxed elementor-section-height-default elementor-section-height-default\" data-id=\"3a877cbf\" data-element_type=\"section\" data-e-type=\"section\">\n\t\t\t\t\t\t<div class=\"elementor-container elementor-column-gap-default\">\n\t\t\t\t\t<div class=\"elementor-column elementor-col-100 elementor-top-column elementor-element elementor-element-7a4431b8\" data-id=\"7a4431b8\" data-element_type=\"column\" data-e-type=\"column\">\n\t\t\t<div class=\"elementor-widget-wrap elementor-element-populated\">\n\t\t\t\t\t\t\t<\/div>\n\t\t<\/div>\n\t\t\t\t\t<\/div>\n\t\t<\/section>\n\t\t\t\t<section class=\"elementor-section elementor-top-section elementor-element elementor-element-e841909 elementor-section-boxed elementor-section-height-default elementor-section-height-default\" data-id=\"e841909\" data-element_type=\"section\" data-e-type=\"section\">\n\t\t\t\t\t\t<div class=\"elementor-container elementor-column-gap-default\">\n\t\t\t\t\t<div class=\"elementor-column elementor-col-100 elementor-top-column elementor-element elementor-element-9760d4d\" data-id=\"9760d4d\" data-element_type=\"column\" data-e-type=\"column\">\n\t\t\t<div class=\"elementor-widget-wrap elementor-element-populated\">\n\t\t\t\t\t\t<div class=\"elementor-element elementor-element-2017706 elementor-widget elementor-widget-heading\" data-id=\"2017706\" data-element_type=\"widget\" data-e-type=\"widget\" data-widget_type=\"heading.default\">\n\t\t\t\t<div class=\"elementor-widget-container\">\n\t\t\t\t\t<h3 class=\"elementor-heading-title elementor-size-default\">Mentions L\u00e9gales<\/h3>\t\t\t\t<\/div>\n\t\t\t\t<\/div>\n\t\t\t\t<div class=\"elementor-element elementor-element-90c0e89 elementor-widget elementor-widget-text-editor\" data-id=\"90c0e89\" data-element_type=\"widget\" data-e-type=\"widget\" data-widget_type=\"text-editor.default\">\n\t\t\t\t<div class=\"elementor-widget-container\">\n\t\t\t\t\t\t\t\t\t<p><strong>Le site Guild of Logos et les pages des r\u00e9seaux sociaux<\/strong> (FACEBOOK, INSTAGRAM, TWITTER, LINKEDIN) sont \u00e9dit\u00e9s par <strong>GoL &amp; Co SAS&nbsp;<\/strong>au capital d&rsquo; 1 million d&rsquo;euros ; dont le si\u00e8ge social est situ\u00e9 au 2 rue du Bocage, Chambretaud \u2013 85500 Chanverrie \u2013 France ; et enregistr\u00e9e au R.C.S de&nbsp;La Roche-sur-Yon sous le &nbsp;num\u00e9ro 893&nbsp;033&nbsp;084<span title=\"siren 894121334\">.<\/span><\/p>\n<ul>\n<li>Courriel : hello@guildoflogos.com<\/li>\n<li>N\u00b0 TVA intracommunautaire&nbsp;: FR04893033084<\/li>\n<li>Directrice de la publication : Apolline Bossy-Gu\u00e9rin<\/li>\n<\/ul>\n<p><b>H\u00c9BERGEMENT<\/b><\/p>\n<p>www.gameoflogos.com est h\u00e9berg\u00e9 par Infomaniak (<a href=\"https:\/\/www.infomaniak.com\/fr\">https:\/\/www.infomaniak.com\/fr<\/a>)&nbsp;dont le si\u00e8ge social se situe :&nbsp;rue Eug\u00e8ne-Marziano 25 \u2014 1227 Les Acacias \u2014 Gen\u00e8ve, Suisse.<\/p>\n<p><b>CONFIDENTIALIT\u00c9 &amp; CGU<\/b><\/p>\n<p>Chaque Utilisateur qui fournit des informations consent \u00e0 GoL &amp; Co &nbsp;l\u2019int\u00e9gralit\u00e9 des droits transf\u00e9rables relatifs \u00e0 ces informations et autorise GoL \u00e0 en faire usage. Ces informations sont d\u00e8s lors consid\u00e9r\u00e9es comme non confidentielles. Toutefois, lorsque les informations fournies sont des donn\u00e9es personnelles au sens du droit applicable, elles sont trait\u00e9es conform\u00e9ment \u00e0 la politique de confidentialit\u00e9&nbsp;applicable \u00e0 ce site internet.<\/p>\n<p>Chaque Utilisateur du pr\u00e9sent site internet d\u00e9clare se conformer aux pr\u00e9sentes&nbsp;conditions g\u00e9n\u00e9rales d\u2019utilisation<strong>&nbsp;<\/strong>et aux dispositions l\u00e9gales et r\u00e9glementaires en vigueur.<\/p>\n<p>Toutes les soci\u00e9t\u00e9s cit\u00e9es ou illustr\u00e9es sur ce site ne sont pas li\u00e9es ou partenaires de la soci\u00e9t\u00e9 GoL &amp; Co (hors cas pr\u00e9cis\u00e9s).<\/p>\t\t\t\t\t\t\t\t<\/div>\n\t\t\t\t<\/div>\n\t\t\t\t\t<\/div>\n\t\t<\/div>\n\t\t\t\t\t<\/div>\n\t\t<\/section>\n\t\t\t\t<\/div>","protected":false},"excerpt":{"rendered":"<p>Mentions L\u00e9gales Le site Guild of Logos et les pages des r\u00e9seaux sociaux (FACEBOOK, INSTAGRAM, TWITTER, LINKEDIN) sont \u00e9dit\u00e9s par GoL &amp; Co SAS&nbsp;au capital d&rsquo; 1 million d&rsquo;euros ; dont le si\u00e8ge social est situ\u00e9 au 2 rue du Bocage, Chambretaud \u2013 85500 Chanverrie \u2013 France ; et enregistr\u00e9e au R.C.S de&nbsp;La Roche-sur-Yon sous [&hellip;]<\/p>\n","protected":false},"author":1,"featured_media":0,"parent":0,"menu_order":0,"comment_status":"closed","ping_status":"open","template":"","meta":{"footnotes":""},"class_list":["post-3","page","type-page","status-publish","hentry"],"blocksy_meta":{"styles_descriptor":{"styles":{"desktop":"","tablet":"","mobile":""},"google_fonts":[],"version":6}},"_links":{"self":[{"href":"https:\/\/guildoflogos.com\/en\/wp-json\/wp\/v2\/pages\/3","targetHints":{"allow":["GET"]}}],"collection":[{"href":"https:\/\/guildoflogos.com\/en\/wp-json\/wp\/v2\/pages"}],"about":[{"href":"https:\/\/guildoflogos.com\/en\/wp-json\/wp\/v2\/types\/page"}],"author":[{"embeddable":true,"href":"https:\/\/guildoflogos.com\/en\/wp-json\/wp\/v2\/users\/1"}],"replies":[{"embeddable":true,"href":"https:\/\/guildoflogos.com\/en\/wp-json\/wp\/v2\/comments?post=3"}],"version-history":[{"count":0,"href":"https:\/\/guildoflogos.com\/en\/wp-json\/wp\/v2\/pages\/3\/revisions"}],"wp:attachment":[{"href":"https:\/\/guildoflogos.com\/en\/wp-json\/wp\/v2\/media?parent=3"}],"curies":[{"name":"wp","href":"https:\/\/api.w.org\/{rel}","templated":true}]}}