{"id":29292,"date":"2021-09-12T16:22:41","date_gmt":"2021-09-12T14:22:41","guid":{"rendered":"https:\/\/guildoflogos.com\/?page_id=29292"},"modified":"2023-01-01T11:02:31","modified_gmt":"2023-01-01T10:02:31","slug":"confidentialite","status":"publish","type":"page","link":"https:\/\/guildoflogos.com\/en\/confidentialite\/","title":{"rendered":"Confidentialit\u00e9"},"content":{"rendered":"<div data-elementor-type=\"wp-page\" data-elementor-id=\"29292\" class=\"elementor elementor-29292\" data-elementor-post-type=\"page\">\n\t\t\t\t\t\t<section class=\"elementor-section elementor-top-section elementor-element elementor-element-e841909 elementor-section-boxed elementor-section-height-default elementor-section-height-default\" data-id=\"e841909\" data-element_type=\"section\" data-e-type=\"section\">\n\t\t\t\t\t\t<div class=\"elementor-container elementor-column-gap-default\">\n\t\t\t\t\t<div class=\"elementor-column elementor-col-100 elementor-top-column elementor-element elementor-element-9760d4d\" data-id=\"9760d4d\" data-element_type=\"column\" data-e-type=\"column\">\n\t\t\t<div class=\"elementor-widget-wrap elementor-element-populated\">\n\t\t\t\t\t\t<div class=\"elementor-element elementor-element-90c0e89 elementor-widget elementor-widget-text-editor\" data-id=\"90c0e89\" data-element_type=\"widget\" data-e-type=\"widget\" data-widget_type=\"text-editor.default\">\n\t\t\t\t<div class=\"elementor-widget-container\">\n\t\t\t\t\t\t\t\t\t<p><span style=\"color: #ffffff;\">Cette D\u00e9claration de confidentialit\u00e9 d\u00e9crit nos pratiques, ainsi que vos choix, concernant la collecte, l\u2019utilisation et la divulgation de certaines donn\u00e9es, y compris vos donn\u00e9es personnelles, par la\u00a0soci\u00e9t\u00e9 GoL &amp; Co\u00a0en lien avec le produit Guild of Logos.<\/span><\/p><p><span style=\"color: #ffffff;\"><b>Collecte des donn\u00e9es<\/b><\/span><\/p><p><span style=\"color: #ffffff;\">Nous recevons et stockons les donn\u00e9es que vous nous fournissez, telles que\u00a0:<\/span><\/p><ul><li style=\"list-style-type: none;\"><ul><li><span style=\"color: #ffffff;\">vos nom, pr\u00e9nom, adresse e-mail. Ces informations peuvent \u00eatre collect\u00e9es de diff\u00e9rentes mani\u00e8res, y compris lorsque vous \u00a0interagissez avec le service client\u00e8le ou participez \u00e0 des enqu\u00eates ou \u00e0 des promotions commerciales\u00a0;<\/span><\/li><\/ul><\/li><\/ul><p><span style=\"color: #ffffff;\"><b>Utilisation des donn\u00e9es<\/b><\/span><\/p><p><span style=\"color: #ffffff;\">Nous utilisons ces donn\u00e9es afin de fournir, analyser, administrer, am\u00e9liorer et personnaliser nos services et nos activit\u00e9s de marketing, et \u00e9galement afin de communiquer avec vous sur ces sujets ou sur d\u2019autres th\u00e8mes. Ces donn\u00e9es peuvent par exemple nous servir \u00e0\u00a0:<\/span><\/p><ul><li><span style=\"color: #ffffff;\">analyser et comprendre notre public, am\u00e9liorer notre service (y compris les exp\u00e9riences avec l\u2019interface utilisateur et la performance du service), et am\u00e9liorer nos offres, la s\u00e9lection du contenu et les algorithmes de recommandation\u00a0;<\/span><\/li><li><span style=\"color: #ffffff;\">communiquer avec vous concernant notre service, afin de vous envoyer les actualit\u00e9s de Guild of Logos, des d\u00e9tails sur les nouvelles fonctionnalit\u00e9s et les nouveaux contenus disponibles, des offres sp\u00e9ciales, des annonces promotionnelles et des enqu\u00eates de satisfaction, ou afin de vous aider en cas de probl\u00e8me technique.\u00a0<\/span><\/li><\/ul><p><span style=\"color: #ffffff;\">Le fondement juridique sur lequel nous nous fondons pour collecter et utiliser les donn\u00e9es personnelles d\u00e9crites dans la pr\u00e9sente D\u00e9claration de confidentialit\u00e9 d\u00e9pend des donn\u00e9es personnelles concern\u00e9es et du contexte sp\u00e9cifique dans lequel nous les collectons et utilisons. Nous collectons normalement des donn\u00e9es personnelles de votre part lorsque nous en avons besoin pour ex\u00e9cuter un contrat avec vous (par exemple, pour vous fournir nos services), lorsque le traitement s\u2019effectue sur la base de nos int\u00e9r\u00eats l\u00e9gitimes et n\u2019est pas supplant\u00e9 par vos droits et libert\u00e9s fondamentales (par exemple, nos activit\u00e9s de marketing direct en accord avec vos pr\u00e9f\u00e9rences) ou lorsque vous nous donnez votre consentement pour le faire (par exemple, pour vous permettre de participer \u00e0 des activit\u00e9s relatives \u00e0 la recherche d\u2019informations sur les consommateurs, telles que des enqu\u00eates sp\u00e9cifiques et des groupes de discussion). Dans certains cas, nous pouvons aussi avoir l\u2019obligation l\u00e9gale de collecter des donn\u00e9es personnelles vous concernant ou avoir autrement besoin de ces donn\u00e9es personnelles pour prot\u00e9ger vos int\u00e9r\u00eats vitaux ou ceux d\u2019une autre personne (par exemple, afin d\u2019\u00e9viter les fraudes li\u00e9es aux paiements ou pour confirmer votre identit\u00e9).\u00a0<\/span><\/p><p><span style=\"color: #ffffff;\"><b>Partage des donn\u00e9es<\/b><\/span><\/p><p><span style=\"color: #ffffff;\">Nous partageons vos donn\u00e9es pour diff\u00e9rentes finalit\u00e9s avec des tiers, tel que d\u00e9crit ci-dessous\u00a0:<\/span><\/p><ul><li><span style=\"color: #ffffff;\"><strong>Les soci\u00e9t\u00e9s GoL &amp; Co :<\/strong>\u00a0nous partageons vos donn\u00e9es avec les soci\u00e9t\u00e9s GoL &amp; Co afin de traiter et stocker vos donn\u00e9es, vous donner acc\u00e8s \u00e0 nos services, vous fournir une assistance \u00e0 la client\u00e8le, prendre des d\u00e9cisions concernant l\u2019am\u00e9lioration de nos services, d\u00e9velopper le contenu, et \u00e9galement pour d\u2019autres finalit\u00e9s qui sont d\u00e9crites dans la section \u201cUtilisation des donn\u00e9es\u201d de la pr\u00e9sente D\u00e9claration de confidentialit\u00e9.<\/span><\/li><li><span style=\"color: #ffffff;\"><strong>Fournisseurs de services\u00a0:<\/strong>\u00a0nous faisons appel \u00e0 d\u2019autres soci\u00e9t\u00e9s, agents ou sous-traitants (\u201cFournisseurs de services\u201d) qui prennent en charge certains services en notre nom ou qui nous aident \u00e0 vous fournir nos services. Nous travaillons par exemple avec des Fournisseurs de services dans le domaine du marketing, de la publicit\u00e9, de la communication, de la s\u00e9curit\u00e9, de l\u2019infrastructure et des services informatiques, pour adapter, personnaliser et am\u00e9liorer notre service, pour fournir des informations sur les paiements ou soldes, pour traiter les transactions par carte bancaire et par d\u2019autres moyens de paiement, pour fournir un service \u00e0 la client\u00e8le, pour analyser et am\u00e9liorer les donn\u00e9es (notamment les donn\u00e9es sur les interactions des utilisateurs avec notre service), ainsi que pour traiter et administrer des enqu\u00eates aupr\u00e8s des consommateurs. Dans le cadre de la prestation de ces services, ces Fournisseurs sont susceptibles d\u2019acc\u00e9der \u00e0 vos donn\u00e9es personnelles ou \u00e0 d\u2019autres informations vous concernant. Nous ne les autorisons pas \u00e0 utiliser ni \u00e0 divulguer vos donn\u00e9es personnelles, sauf dans le cadre de la prestation de leurs services (ce qui inclut la maintenance et l\u2019am\u00e9lioration de leurs services).<\/span><\/li><li><span style=\"color: #ffffff;\"><strong>Partenaires\u00a0:<\/strong>\u00a0comme d\u00e9crit ci-dessus, vous pouvez \u00eatre li\u00e9 \u00e0 l\u2019un ou plusieurs de nos Partenaires, auquel cas nous sommes susceptibles de partager certaines informations avec eux afin de coordonner la mise \u00e0 disposition du produit Guild of Logos pour les utilisateurs et la communication d\u2019informations sur la disponibilit\u00e9 du produit Guild of Logos.<\/span><\/li><li><span style=\"color: #ffffff;\"><strong>Offres promotionnelles\u00a0:<\/strong>\u00a0nous pouvons vous sugg\u00e9rer des promotions ou programmes conjoints. Pour ce faire, nous devons partager vos donn\u00e9es avec des tiers. Pour prendre en charge ces types de promotion et d\u2019offre incitative, nous sommes susceptibles de partager votre nom et d\u2019autres informations. Veuillez noter que ces tiers sont responsables de leurs propres pratiques de confidentialit\u00e9.<\/span><\/li><li><span style=\"color: #ffffff;\"><strong>Protection de GoL &amp; Co et de ses Fournisseurs de services\u00a0:<\/strong>\u00a0GoL &amp; Co et ses Fournisseurs de service peuvent divulguer et utiliser autrement vos donn\u00e9es personnelles ou d\u2019autres donn\u00e9es lorsqu\u2019ils consid\u00e8rent en toute bonne foi que cela est n\u00e9cessaire pour (a) respecter toute loi, r\u00e9glementation, proc\u00e9dure juridique ou demande du gouvernement, (b) faire respecter des conditions d\u2019utilisation applicables, y compris pour constater d\u2019\u00e9ventuelles violations de ces conditions, (c) d\u00e9celer, pr\u00e9venir ou traiter les activit\u00e9s ill\u00e9gales ou pr\u00e9sum\u00e9es ill\u00e9gales (notamment les fraudes li\u00e9es aux paiements), les atteintes \u00e0 la s\u00e9curit\u00e9 ou tout probl\u00e8me d\u2019ordre technique, ou (d) se pr\u00e9munir contre toute atteinte aux droits, aux biens ou \u00e0 la s\u00e9curit\u00e9 de GoL &amp; Co, ses utilisateurs ou le public, lorsque la loi l\u2019exige ou le permet.<\/span><\/li><li><span style=\"color: #ffffff;\"><strong>Transfert d\u2019entreprise\u00a0:<\/strong>\u00a0que ce soit dans le cadre d\u2019une r\u00e9organisation, d\u2019une restructuration, d\u2019une fusion, d\u2019une vente ou de tout autre type de transfert d\u2019actifs, nous transf\u00e9rerons les donn\u00e9es, y compris vos donn\u00e9es personnelles, \u00e0 condition que la partie r\u00e9ceptrice s\u2019engage \u00e0 respecter ces donn\u00e9es personnelles, en accord avec notre D\u00e9claration de confidentialit\u00e9.<\/span><\/li><\/ul><p><span style=\"color: #ffffff;\">Lorsque, dans le cadre du partage d\u2019informations, nous transf\u00e9rons des donn\u00e9es personnelles vers des pays situ\u00e9s hors de l\u2019Espace \u00e9conomique europ\u00e9en et d\u2019autres r\u00e9gions qui disposent d\u2019une l\u00e9gislation en mati\u00e8re de protection des donn\u00e9es, nous nous assurons que ces transferts sont r\u00e9alis\u00e9s conform\u00e9ment \u00e0 la pr\u00e9sente D\u00e9claration de confidentialit\u00e9 et dans le respect de la l\u00e9gislation applicable en mati\u00e8re de protection des donn\u00e9es.<\/span><\/p><p><span style=\"color: #ffffff;\">Vous pouvez \u00e9galement choisir de partager vos donn\u00e9es comme suit\u00a0:<\/span><\/p><ul><li><span style=\"color: #ffffff;\">certaines parties de notre service peuvent contenir un outil qui vous permet de partager des informations par e-mail, par message instantan\u00e9, \u00e0 l\u2019aide d\u2019applications sociales ou d\u2019autres applications de partage, par le biais des clients et applications install\u00e9s sur votre appareil intelligent\u00a0;<\/span><\/li><li><span style=\"color: #ffffff;\">les plug-ins sociaux et technologies similaires vous permettent de partager des informations.<\/span><\/li><\/ul><p><span style=\"color: #ffffff;\">Les plug-ins sociaux et les applications sociales sont exploit\u00e9s par les r\u00e9seaux sociaux eux-m\u00eames et sont soumis \u00e0 leurs conditions d\u2019utilisation et \u00e0 leurs politiques de confidentialit\u00e9.<\/span><\/p><p><span style=\"color: #ffffff;\"><b>Vos droits et informations<\/b><\/span><\/p><p><span style=\"color: #ffffff;\">Vous pouvez demander l\u2019acc\u00e8s \u00e0 vos donn\u00e9es personnelles ou corriger ou mettre \u00e0 jour des donn\u00e9es erron\u00e9es ou obsol\u00e8tes que nous conservons sur vous. Vous pouvez \u00e9galement demander la suppression des donn\u00e9es personnelles que nous d\u00e9tenons \u00e0 votre sujet. Vous pouvez enfin utiliser le bouton pr\u00e9vu \u00e0 cet effet dans la rubrique \u00ab\u00a0mon compte\u00a0\u00bb pour supprimer votre compte.<\/span><\/p><p><span style=\"color: #ffffff;\">Vous pouvez vous opposer au traitement de vos donn\u00e9es personnelles, nous demander de limiter le traitement de vos donn\u00e9es personnelles ou demander la portabilit\u00e9 de vos donn\u00e9es personnelles. Si nous avons collect\u00e9 et trait\u00e9 vos donn\u00e9es personnelles avec votre consentement, vous pouvez retirer votre consentement \u00e0 tout moment. Le retrait de votre consentement n\u2019affecte pas la lic\u00e9it\u00e9 de tout \u00e9ventuel traitement que nous aurions r\u00e9alis\u00e9 au pr\u00e9alable et n\u2019affecte pas non plus le traitement de vos donn\u00e9es personnelles r\u00e9alis\u00e9 sur un fondement l\u00e9gal de traitement autre que le consentement. Vous avez le droit de d\u00e9poser une plainte aupr\u00e8s d\u2019une autorit\u00e9 de protection des donn\u00e9es au sujet de la collecte et de l\u2019utilisation de vos donn\u00e9es personnelles. Notre \u00e9tablissement principal au sein de l\u2019Union europ\u00e9enne se trouve en France.\u00a0<\/span><\/p><p><span style=\"color: #ffffff;\">Nous pouvons conserver certaines informations, si les lois et r\u00e8glements en vigueur l\u2019exigent ou le permettent, notamment pour honorer vos choix, \u00e0 des fins de facturation ou d\u2019archivage et pour satisfaire les objectifs d\u00e9crits dans la pr\u00e9sente D\u00e9claration de confidentialit\u00e9. Nous prenons des mesures raisonnables pour d\u00e9truire ou d\u00e9personnaliser les donn\u00e9es personnelles de mani\u00e8re s\u00e9curis\u00e9e lorsqu\u2019elles ne sont plus n\u00e9cessaires.<\/span><\/p><p><span style=\"color: #ffffff;\"><b>S\u00e9curit\u00e9<\/b><\/span><\/p><p><span style=\"color: #ffffff;\">Nous mettons en \u0153uvre des mesures administratives, logiques, physiques et organisationnelles raisonnables pour prot\u00e9ger la s\u00e9curit\u00e9 de vos donn\u00e9es personnelles contre le vol ainsi que l\u2019acc\u00e8s, l\u2019utilisation et la modification non autoris\u00e9s. Ces mesures sont con\u00e7ues pour assurer un niveau de s\u00e9curit\u00e9 adapt\u00e9 aux risques qui accompagnent le traitement de vos donn\u00e9es personnelles.<\/span><\/p><p><span style=\"color: #ffffff;\"><b>Autres sites Web, plateformes et applications<\/b><\/span><\/p><p><span style=\"color: #ffffff;\">Le produit Guild of Logos peut \u00eatre propos\u00e9 sur et\/ou utiliser des fonctionnalit\u00e9s (comme le contr\u00f4le vocal) g\u00e9r\u00e9es par des plateformes tierces ou contenir des liens vers des sites exploit\u00e9s par des tiers dont la politique en mati\u00e8re de traitement des donn\u00e9es personnelles peut \u00eatre diff\u00e9rente de la n\u00f4tre. Par exemple, vous pouvez acc\u00e9der au produit Guild of Logos par le biais de plateformes comme les consoles de jeu, smart TV, appareils mobiles, d\u00e9codeurs num\u00e9riques ainsi que par d\u2019autres dispositifs connect\u00e9s. Ces sites Web et plateformes sont r\u00e9gis par des politiques de confidentialit\u00e9 ou des donn\u00e9es, des d\u00e9clarations de confidentialit\u00e9, des notices et conditions d\u2019utilisation distinctes et ind\u00e9pendantes que nous vous recommandons de lire attentivement. Vous pouvez aussi rencontrer des applications tierces qui interagissent avec le produit Guild of Logos.<\/span><\/p><p><span style=\"color: #ffffff;\"><b>Modifications apport\u00e9es \u00e0 la pr\u00e9sente D\u00e9claration de confidentialit\u00e9<\/b><\/span><\/p><p><span style=\"color: #ffffff;\">La pr\u00e9sente D\u00e9claration de confidentialit\u00e9 sera mise \u00e0 jour de temps \u00e0 autre pour tenir compte des \u00e9volutions l\u00e9gales, r\u00e9glementaires et op\u00e9rationnelles. Nous vous aviserons de ces modifications (et de leur date d\u2019entr\u00e9e en vigueur) conform\u00e9ment \u00e0 la loi. Votre utilisation continue du produit Guild of Logos apr\u00e8s la prise d\u2019effet de ces modifications vaut reconnaissance et (le cas \u00e9ch\u00e9ant) acceptation de votre part de ces modifications. Si vous ne souhaitez pas reconna\u00eetre ou accepter les modifications apport\u00e9es \u00e0 la pr\u00e9sente D\u00e9claration de confidentialit\u00e9, vous pouvez cesser d\u2019utiliser le produit Guild of Logos.\u00a0<\/span><\/p>\t\t\t\t\t\t\t\t<\/div>\n\t\t\t\t<\/div>\n\t\t\t\t\t<\/div>\n\t\t<\/div>\n\t\t\t\t\t<\/div>\n\t\t<\/section>\n\t\t\t\t<\/div>","protected":false},"excerpt":{"rendered":"<p>Cette D\u00e9claration de confidentialit\u00e9 d\u00e9crit nos pratiques, ainsi que vos choix, concernant la collecte, l\u2019utilisation et la divulgation de certaines donn\u00e9es, y compris vos donn\u00e9es personnelles, par la\u00a0soci\u00e9t\u00e9 GoL &amp; Co\u00a0en lien avec le produit Guild of Logos. Collecte des donn\u00e9es Nous recevons et stockons les donn\u00e9es que vous nous fournissez, telles que\u00a0: vos nom, [&hellip;]<\/p>\n","protected":false},"author":1,"featured_media":0,"parent":0,"menu_order":0,"comment_status":"closed","ping_status":"open","template":"","meta":{"footnotes":""},"class_list":["post-29292","page","type-page","status-publish","hentry"],"blocksy_meta":{"styles_descriptor":{"styles":{"desktop":"","tablet":"","mobile":""},"google_fonts":[],"version":6}},"_links":{"self":[{"href":"https:\/\/guildoflogos.com\/en\/wp-json\/wp\/v2\/pages\/29292","targetHints":{"allow":["GET"]}}],"collection":[{"href":"https:\/\/guildoflogos.com\/en\/wp-json\/wp\/v2\/pages"}],"about":[{"href":"https:\/\/guildoflogos.com\/en\/wp-json\/wp\/v2\/types\/page"}],"author":[{"embeddable":true,"href":"https:\/\/guildoflogos.com\/en\/wp-json\/wp\/v2\/users\/1"}],"replies":[{"embeddable":true,"href":"https:\/\/guildoflogos.com\/en\/wp-json\/wp\/v2\/comments?post=29292"}],"version-history":[{"count":0,"href":"https:\/\/guildoflogos.com\/en\/wp-json\/wp\/v2\/pages\/29292\/revisions"}],"wp:attachment":[{"href":"https:\/\/guildoflogos.com\/en\/wp-json\/wp\/v2\/media?parent=29292"}],"curies":[{"name":"wp","href":"https:\/\/api.w.org\/{rel}","templated":true}]}}